{"id":339,"date":"2012-12-14T10:43:47","date_gmt":"2012-12-14T10:43:47","guid":{"rendered":"https:\/\/old.imosver.com\/blog\/?page_id=339"},"modified":"2012-12-14T12:11:10","modified_gmt":"2012-12-14T12:11:10","slug":"colabora-nosotros","status":"publish","type":"page","link":"https:\/\/old.imosver.com\/blog\/colabora-nosotros\/","title":{"rendered":"Colabora con nosotros!"},"content":{"rendered":"<p style=\"text-align: justify;\">Hola a todos!<\/p>\n<p style=\"text-align: justify;\">Antes de nada queremos agradecer a todos los que os est\u00e1is poniendo en contacto con nosotros para colaborar de alguna manera, pero no nos es posible colaborar y enviar libros a todos los blogueros que nos lo ped\u00eds.<\/p>\n<p style=\"text-align: justify;\">As\u00ed que hemos establecido unas pautas&#8230; quieres colaborar con nosotros? Lee detenidamente estas instrucciones:<\/p>\n<p style=\"text-align: justify;\">&#8211; Debes tener un blog activo y actualizado, atractivo y en el que propongas y organices concursos y\/o actividades varias.<\/p>\n<p style=\"text-align: justify;\">&#8211; Seguirnos en <a title=\"facebook imosver\" href=\"https:\/\/www.facebook.com\/imosver\" target=\"_blank\"><strong>Facebook<\/strong><\/a> y en <a title=\"twitter imosver\" href=\"https:\/\/twitter.com\/Imosver\" target=\"_blank\"><strong>Twitter<\/strong><\/a><\/p>\n<p style=\"text-align: justify;\">&#8211; Tener m\u00e1s de 500 seguidores en el blog y facilitarnos el n\u00famero de seguidores en Facebook y Twitter.<\/p>\n<p style=\"text-align: justify;\">&#8211; Enviarnos el enlace con la rese\u00f1a y tus datos (nombre completo, mail, direcci\u00f3n y tel\u00e9fono) a marketing (@) imosver . com<\/p>\n<p style=\"text-align: justify;\">F\u00e1cil verdad? Pues ya sabes, colabora con Imosver.com y nuestra <a title=\"Los mejores cuentos cortos para leer a los ni\u00f1os\" href=\"https:\/\/old.imosver.com\" target=\"_blank\"><strong>tienda de libros<\/strong><\/a>!<\/p>\n<p style=\"text-align: justify;\"><a href=\"https:\/\/old.imosver.com\/blog\/colabora-nosotros\/img28112008185092427550\/\" rel=\"attachment wp-att-403\"><img loading=\"lazy\" class=\"aligncenter size-full wp-image-403\" title=\"Img28112008185092427550\" src=\"https:\/\/old.imosver.com\/blog\/wp-content\/uploads\/2012\/12\/Img28112008185092427550.jpg\" alt=\"\" width=\"480\" height=\"360\" srcset=\"https:\/\/old.imosver.com\/blog\/wp-content\/uploads\/2012\/12\/Img28112008185092427550.jpg 480w, https:\/\/old.imosver.com\/blog\/wp-content\/uploads\/2012\/12\/Img28112008185092427550-200x150.jpg 200w, https:\/\/old.imosver.com\/blog\/wp-content\/uploads\/2012\/12\/Img28112008185092427550-400x300.jpg 400w\" sizes=\"(max-width: 480px) 100vw, 480px\" \/><\/a><\/p>\n<p style=\"text-align: justify;\">\n","protected":false},"excerpt":{"rendered":"<p>Hola a todos! Antes de nada queremos agradecer a todos los que os est\u00e1is poniendo en contacto con nosotros para colaborar de alguna manera, pero no nos es posible colaborar y enviar libros a todos los blogueros que nos lo ped\u00eds. As\u00ed que hemos establecido unas pautas&#8230; quieres colaborar con nosotros? Lee detenidamente estas instrucciones: [&hellip;]<\/p>\n","protected":false},"author":2,"featured_media":0,"parent":0,"menu_order":0,"comment_status":"open","ping_status":"open","template":"","meta":{"tdm_status":"","tdm_grid_status":""},"yoast_head":"<!-- This site is optimized with the Yoast SEO plugin v17.2 - https:\/\/yoast.com\/wordpress\/plugins\/seo\/ -->\n<meta name=\"robots\" content=\"index, follow, max-snippet:-1, max-image-preview:large, max-video-preview:-1\" \/>\n<link rel=\"canonical\" href=\"https:\/\/old.imosver.com\/blog\/colabora-nosotros\/\" \/>\n<meta property=\"og:locale\" content=\"es_ES\" \/>\n<meta property=\"og:type\" content=\"article\" \/>\n<meta property=\"og:title\" content=\"Colabora con nosotros! - Blog imosver\" \/>\n<meta property=\"og:description\" content=\"Hola a todos! Antes de nada queremos agradecer a todos los que os est\u00e1is poniendo en contacto con nosotros para colaborar de alguna manera, pero no nos es posible colaborar y enviar libros a todos los blogueros que nos lo ped\u00eds. As\u00ed que hemos establecido unas pautas&#8230; quieres colaborar con nosotros? Lee detenidamente estas instrucciones: [&hellip;]\" \/>\n<meta property=\"og:url\" content=\"https:\/\/old.imosver.com\/blog\/colabora-nosotros\/\" \/>\n<meta property=\"og:site_name\" content=\"Blog imosver\" \/>\n<meta property=\"article:publisher\" content=\"https:\/\/www.facebook.com\/imosver\" \/>\n<meta property=\"article:modified_time\" content=\"2012-12-14T12:11:10+00:00\" \/>\n<meta property=\"og:image\" content=\"https:\/\/old.imosver.com\/blog\/wp-content\/uploads\/2012\/12\/Img28112008185092427550.jpg\" \/>\n<meta name=\"twitter:card\" content=\"summary_large_image\" \/>\n<meta name=\"twitter:site\" content=\"@Imosver\" \/>\n<meta name=\"twitter:label1\" content=\"Tiempo de lectura\" \/>\n\t<meta name=\"twitter:data1\" content=\"1 minuto\" \/>\n<script type=\"application\/ld+json\" class=\"yoast-schema-graph\">{\"@context\":\"https:\/\/schema.org\",\"@graph\":[{\"@type\":\"Organization\",\"@id\":\"https:\/\/old.imosver.com\/blog\/#organization\",\"name\":\"Imosver\",\"url\":\"https:\/\/old.imosver.com\/blog\/\",\"sameAs\":[\"https:\/\/www.facebook.com\/imosver\",\"https:\/\/www.instagram.com\/imosver\/\",\"https:\/\/www.linkedin.com\/company\/3086458\/admin\/\",\"https:\/\/www.pinterest.es\/imosver\/\",\"https:\/\/twitter.com\/Imosver\"],\"logo\":{\"@type\":\"ImageObject\",\"@id\":\"https:\/\/old.imosver.com\/blog\/#logo\",\"inLanguage\":\"es\",\"url\":\"https:\/\/old.imosver.com\/blog\/wp-content\/uploads\/2026\/01\/logo.png\",\"contentUrl\":\"https:\/\/old.imosver.com\/blog\/wp-content\/uploads\/2026\/01\/logo.png\",\"width\":523,\"height\":120,\"caption\":\"Imosver\"},\"image\":{\"@id\":\"https:\/\/old.imosver.com\/blog\/#logo\"}},{\"@type\":\"WebSite\",\"@id\":\"https:\/\/old.imosver.com\/blog\/#website\",\"url\":\"https:\/\/old.imosver.com\/blog\/\",\"name\":\"Blog imosver\",\"description\":\"Blog Imosver\",\"publisher\":{\"@id\":\"https:\/\/old.imosver.com\/blog\/#organization\"},\"potentialAction\":[{\"@type\":\"SearchAction\",\"target\":{\"@type\":\"EntryPoint\",\"urlTemplate\":\"https:\/\/old.imosver.com\/blog\/?s={search_term_string}\"},\"query-input\":\"required name=search_term_string\"}],\"inLanguage\":\"es\"},{\"@type\":\"ImageObject\",\"@id\":\"https:\/\/old.imosver.com\/blog\/colabora-nosotros\/#primaryimage\",\"inLanguage\":\"es\",\"url\":\"https:\/\/old.imosver.com\/blog\/wp-content\/uploads\/2012\/12\/Img28112008185092427550.jpg\",\"contentUrl\":\"https:\/\/old.imosver.com\/blog\/wp-content\/uploads\/2012\/12\/Img28112008185092427550.jpg\",\"width\":\"480\",\"height\":\"360\"},{\"@type\":\"WebPage\",\"@id\":\"https:\/\/old.imosver.com\/blog\/colabora-nosotros\/#webpage\",\"url\":\"https:\/\/old.imosver.com\/blog\/colabora-nosotros\/\",\"name\":\"Colabora con nosotros! - Blog imosver\",\"isPartOf\":{\"@id\":\"https:\/\/old.imosver.com\/blog\/#website\"},\"primaryImageOfPage\":{\"@id\":\"https:\/\/old.imosver.com\/blog\/colabora-nosotros\/#primaryimage\"},\"datePublished\":\"2012-12-14T10:43:47+00:00\",\"dateModified\":\"2012-12-14T12:11:10+00:00\",\"breadcrumb\":{\"@id\":\"https:\/\/old.imosver.com\/blog\/colabora-nosotros\/#breadcrumb\"},\"inLanguage\":\"es\",\"potentialAction\":[{\"@type\":\"ReadAction\",\"target\":[\"https:\/\/old.imosver.com\/blog\/colabora-nosotros\/\"]}]},{\"@type\":\"BreadcrumbList\",\"@id\":\"https:\/\/old.imosver.com\/blog\/colabora-nosotros\/#breadcrumb\",\"itemListElement\":[{\"@type\":\"ListItem\",\"position\":1,\"name\":\"Portada\",\"item\":\"https:\/\/old.imosver.com\/blog\/\"},{\"@type\":\"ListItem\",\"position\":2,\"name\":\"Colabora con nosotros!\"}]}]}<\/script>\n<!-- \/ Yoast SEO plugin. -->","yoast_head_json":{"robots":{"index":"index","follow":"follow","max-snippet":"max-snippet:-1","max-image-preview":"max-image-preview:large","max-video-preview":"max-video-preview:-1"},"canonical":"https:\/\/old.imosver.com\/blog\/colabora-nosotros\/","og_locale":"es_ES","og_type":"article","og_title":"Colabora con nosotros! - Blog imosver","og_description":"Hola a todos! Antes de nada queremos agradecer a todos los que os est\u00e1is poniendo en contacto con nosotros para colaborar de alguna manera, pero no nos es posible colaborar y enviar libros a todos los blogueros que nos lo ped\u00eds. As\u00ed que hemos establecido unas pautas&#8230; quieres colaborar con nosotros? Lee detenidamente estas instrucciones: [&hellip;]","og_url":"https:\/\/old.imosver.com\/blog\/colabora-nosotros\/","og_site_name":"Blog imosver","article_publisher":"https:\/\/www.facebook.com\/imosver","article_modified_time":"2012-12-14T12:11:10+00:00","og_image":[{"url":"https:\/\/old.imosver.com\/blog\/wp-content\/uploads\/2012\/12\/Img28112008185092427550.jpg"}],"twitter_card":"summary_large_image","twitter_site":"@Imosver","twitter_misc":{"Tiempo de lectura":"1 minuto"},"schema":{"@context":"https:\/\/schema.org","@graph":[{"@type":"Organization","@id":"https:\/\/old.imosver.com\/blog\/#organization","name":"Imosver","url":"https:\/\/old.imosver.com\/blog\/","sameAs":["https:\/\/www.facebook.com\/imosver","https:\/\/www.instagram.com\/imosver\/","https:\/\/www.linkedin.com\/company\/3086458\/admin\/","https:\/\/www.pinterest.es\/imosver\/","https:\/\/twitter.com\/Imosver"],"logo":{"@type":"ImageObject","@id":"https:\/\/old.imosver.com\/blog\/#logo","inLanguage":"es","url":"https:\/\/old.imosver.com\/blog\/wp-content\/uploads\/2026\/01\/logo.png","contentUrl":"https:\/\/old.imosver.com\/blog\/wp-content\/uploads\/2026\/01\/logo.png","width":523,"height":120,"caption":"Imosver"},"image":{"@id":"https:\/\/old.imosver.com\/blog\/#logo"}},{"@type":"WebSite","@id":"https:\/\/old.imosver.com\/blog\/#website","url":"https:\/\/old.imosver.com\/blog\/","name":"Blog imosver","description":"Blog Imosver","publisher":{"@id":"https:\/\/old.imosver.com\/blog\/#organization"},"potentialAction":[{"@type":"SearchAction","target":{"@type":"EntryPoint","urlTemplate":"https:\/\/old.imosver.com\/blog\/?s={search_term_string}"},"query-input":"required name=search_term_string"}],"inLanguage":"es"},{"@type":"ImageObject","@id":"https:\/\/old.imosver.com\/blog\/colabora-nosotros\/#primaryimage","inLanguage":"es","url":"https:\/\/old.imosver.com\/blog\/wp-content\/uploads\/2012\/12\/Img28112008185092427550.jpg","contentUrl":"https:\/\/old.imosver.com\/blog\/wp-content\/uploads\/2012\/12\/Img28112008185092427550.jpg","width":"480","height":"360"},{"@type":"WebPage","@id":"https:\/\/old.imosver.com\/blog\/colabora-nosotros\/#webpage","url":"https:\/\/old.imosver.com\/blog\/colabora-nosotros\/","name":"Colabora con nosotros! - Blog imosver","isPartOf":{"@id":"https:\/\/old.imosver.com\/blog\/#website"},"primaryImageOfPage":{"@id":"https:\/\/old.imosver.com\/blog\/colabora-nosotros\/#primaryimage"},"datePublished":"2012-12-14T10:43:47+00:00","dateModified":"2012-12-14T12:11:10+00:00","breadcrumb":{"@id":"https:\/\/old.imosver.com\/blog\/colabora-nosotros\/#breadcrumb"},"inLanguage":"es","potentialAction":[{"@type":"ReadAction","target":["https:\/\/old.imosver.com\/blog\/colabora-nosotros\/"]}]},{"@type":"BreadcrumbList","@id":"https:\/\/old.imosver.com\/blog\/colabora-nosotros\/#breadcrumb","itemListElement":[{"@type":"ListItem","position":1,"name":"Portada","item":"https:\/\/old.imosver.com\/blog\/"},{"@type":"ListItem","position":2,"name":"Colabora con nosotros!"}]}]}},"_links":{"self":[{"href":"https:\/\/old.imosver.com\/blog\/wp-json\/wp\/v2\/pages\/339"}],"collection":[{"href":"https:\/\/old.imosver.com\/blog\/wp-json\/wp\/v2\/pages"}],"about":[{"href":"https:\/\/old.imosver.com\/blog\/wp-json\/wp\/v2\/types\/page"}],"author":[{"embeddable":true,"href":"https:\/\/old.imosver.com\/blog\/wp-json\/wp\/v2\/users\/2"}],"replies":[{"embeddable":true,"href":"https:\/\/old.imosver.com\/blog\/wp-json\/wp\/v2\/comments?post=339"}],"version-history":[{"count":6,"href":"https:\/\/old.imosver.com\/blog\/wp-json\/wp\/v2\/pages\/339\/revisions"}],"predecessor-version":[{"id":399,"href":"https:\/\/old.imosver.com\/blog\/wp-json\/wp\/v2\/pages\/339\/revisions\/399"}],"wp:attachment":[{"href":"https:\/\/old.imosver.com\/blog\/wp-json\/wp\/v2\/media?parent=339"}],"curies":[{"name":"wp","href":"https:\/\/api.w.org\/{rel}","templated":true}]}}